{"id":63,"date":"2023-09-22T14:18:47","date_gmt":"2023-09-22T18:18:47","guid":{"rendered":"https:\/\/acupuncture-cotedesneiges.com\/?page_id=63"},"modified":"2023-10-16T17:37:24","modified_gmt":"2023-10-16T21:37:24","slug":"accueil","status":"publish","type":"page","link":"https:\/\/acupuncture-cotedesneiges.com\/francais\/","title":{"rendered":"Accueil"},"content":{"rendered":"","protected":false},"excerpt":{"rendered":"","protected":false},"author":2,"featured_media":0,"parent":0,"menu_order":0,"comment_status":"closed","ping_status":"closed","template":"","meta":{"footnotes":""},"class_list":["post-63","page","type-page","status-publish","hentry","latest_post"],"yoast_head":"<!-- This site is optimized with the Yoast SEO plugin v27.5 - https:\/\/yoast.com\/product\/yoast-seo-wordpress\/ -->\n<title>Accueil - Acupuncture C\u00f4te-des-Neiges - Clinique sp\u00e9cialis\u00e9e<\/title>\n<meta name=\"description\" content=\"Proche du m\u00e9tro C\u00f4te-des-Neiges, clinique sp\u00e9cialis\u00e9e en acupuncture, pour traitement de la fertilit\u00e9, oncologie, bien-\u00eatre et femme enceinte\" \/>\n<meta name=\"robots\" content=\"index, follow, max-snippet:-1, max-image-preview:large, max-video-preview:-1\" \/>\n<link rel=\"canonical\" href=\"https:\/\/acupuncture-cotedesneiges.com\/francais\/\" \/>\n<meta property=\"og:locale\" content=\"fr_CA\" \/>\n<meta property=\"og:type\" content=\"article\" \/>\n<meta property=\"og:title\" content=\"Accueil - Acupuncture C\u00f4te-des-Neiges - Clinique sp\u00e9cialis\u00e9e\" \/>\n<meta property=\"og:description\" content=\"Proche du m\u00e9tro C\u00f4te-des-Neiges, clinique sp\u00e9cialis\u00e9e en acupuncture, pour traitement de la fertilit\u00e9, oncologie, bien-\u00eatre et femme enceinte\" \/>\n<meta property=\"og:url\" content=\"https:\/\/acupuncture-cotedesneiges.com\/francais\/\" \/>\n<meta property=\"article:modified_time\" content=\"2023-10-16T21:37:24+00:00\" \/>\n<meta name=\"twitter:card\" content=\"summary_large_image\" \/>\n<script type=\"application\/ld+json\" class=\"yoast-schema-graph\">{\"@context\":\"https:\\\/\\\/schema.org\",\"@graph\":[{\"@type\":\"WebPage\",\"@id\":\"https:\\\/\\\/acupuncture-cotedesneiges.com\\\/\",\"url\":\"https:\\\/\\\/acupuncture-cotedesneiges.com\\\/\",\"name\":\"Accueil - Acupuncture C\u00f4te-des-Neiges - Clinique sp\u00e9cialis\u00e9e\",\"isPartOf\":{\"@id\":\"https:\\\/\\\/acupuncture-cotedesneiges.com\\\/#website\"},\"datePublished\":\"2023-09-22T18:18:47+00:00\",\"dateModified\":\"2023-10-16T21:37:24+00:00\",\"description\":\"Proche du m\u00e9tro C\u00f4te-des-Neiges, clinique sp\u00e9cialis\u00e9e en acupuncture, pour traitement de la fertilit\u00e9, oncologie, bien-\u00eatre et femme enceinte\",\"breadcrumb\":{\"@id\":\"https:\\\/\\\/acupuncture-cotedesneiges.com\\\/#breadcrumb\"},\"inLanguage\":\"fr-CA\",\"potentialAction\":[{\"@type\":\"ReadAction\",\"target\":[\"https:\\\/\\\/acupuncture-cotedesneiges.com\\\/\"]}]},{\"@type\":\"BreadcrumbList\",\"@id\":\"https:\\\/\\\/acupuncture-cotedesneiges.com\\\/#breadcrumb\",\"itemListElement\":[{\"@type\":\"ListItem\",\"position\":1,\"name\":\"Accueil\",\"item\":\"https:\\\/\\\/acupuncture-cotedesneiges.com\\\/\"},{\"@type\":\"ListItem\",\"position\":2,\"name\":\"Accueil\"}]},{\"@type\":\"WebSite\",\"@id\":\"https:\\\/\\\/acupuncture-cotedesneiges.com\\\/#website\",\"url\":\"https:\\\/\\\/acupuncture-cotedesneiges.com\\\/\",\"name\":\"\",\"description\":\"\",\"publisher\":{\"@id\":\"https:\\\/\\\/acupuncture-cotedesneiges.com\\\/#organization\"},\"potentialAction\":[{\"@type\":\"SearchAction\",\"target\":{\"@type\":\"EntryPoint\",\"urlTemplate\":\"https:\\\/\\\/acupuncture-cotedesneiges.com\\\/?s={search_term_string}\"},\"query-input\":{\"@type\":\"PropertyValueSpecification\",\"valueRequired\":true,\"valueName\":\"search_term_string\"}}],\"inLanguage\":\"fr-CA\"},{\"@type\":\"Organization\",\"@id\":\"https:\\\/\\\/acupuncture-cotedesneiges.com\\\/#organization\",\"name\":\"Acupuncture C\u00f4te-des-Neiges\",\"url\":\"https:\\\/\\\/acupuncture-cotedesneiges.com\\\/\",\"logo\":{\"@type\":\"ImageObject\",\"inLanguage\":\"fr-CA\",\"@id\":\"https:\\\/\\\/acupuncture-cotedesneiges.com\\\/#\\\/schema\\\/logo\\\/image\\\/\",\"url\":\"https:\\\/\\\/acupuncture-cotedesneiges.com\\\/wp-content\\\/uploads\\\/2023\\\/09\\\/2023.027A-ACU-CdN-SiteWeb-Logo-Asset-1logo.png\",\"contentUrl\":\"https:\\\/\\\/acupuncture-cotedesneiges.com\\\/wp-content\\\/uploads\\\/2023\\\/09\\\/2023.027A-ACU-CdN-SiteWeb-Logo-Asset-1logo.png\",\"width\":463,\"height\":100,\"caption\":\"Acupuncture C\u00f4te-des-Neiges\"},\"image\":{\"@id\":\"https:\\\/\\\/acupuncture-cotedesneiges.com\\\/#\\\/schema\\\/logo\\\/image\\\/\"}}]}<\/script>\n<!-- \/ Yoast SEO plugin. -->","yoast_head_json":{"title":"Accueil - Acupuncture C\u00f4te-des-Neiges - Clinique sp\u00e9cialis\u00e9e","description":"Proche du m\u00e9tro C\u00f4te-des-Neiges, clinique sp\u00e9cialis\u00e9e en acupuncture, pour traitement de la fertilit\u00e9, oncologie, bien-\u00eatre et femme enceinte","robots":{"index":"index","follow":"follow","max-snippet":"max-snippet:-1","max-image-preview":"max-image-preview:large","max-video-preview":"max-video-preview:-1"},"canonical":"https:\/\/acupuncture-cotedesneiges.com\/francais\/","og_locale":"fr_CA","og_type":"article","og_title":"Accueil - Acupuncture C\u00f4te-des-Neiges - Clinique sp\u00e9cialis\u00e9e","og_description":"Proche du m\u00e9tro C\u00f4te-des-Neiges, clinique sp\u00e9cialis\u00e9e en acupuncture, pour traitement de la fertilit\u00e9, oncologie, bien-\u00eatre et femme enceinte","og_url":"https:\/\/acupuncture-cotedesneiges.com\/francais\/","article_modified_time":"2023-10-16T21:37:24+00:00","twitter_card":"summary_large_image","schema":{"@context":"https:\/\/schema.org","@graph":[{"@type":"WebPage","@id":"https:\/\/acupuncture-cotedesneiges.com\/","url":"https:\/\/acupuncture-cotedesneiges.com\/","name":"Accueil - Acupuncture C\u00f4te-des-Neiges - Clinique sp\u00e9cialis\u00e9e","isPartOf":{"@id":"https:\/\/acupuncture-cotedesneiges.com\/#website"},"datePublished":"2023-09-22T18:18:47+00:00","dateModified":"2023-10-16T21:37:24+00:00","description":"Proche du m\u00e9tro C\u00f4te-des-Neiges, clinique sp\u00e9cialis\u00e9e en acupuncture, pour traitement de la fertilit\u00e9, oncologie, bien-\u00eatre et femme enceinte","breadcrumb":{"@id":"https:\/\/acupuncture-cotedesneiges.com\/#breadcrumb"},"inLanguage":"fr-CA","potentialAction":[{"@type":"ReadAction","target":["https:\/\/acupuncture-cotedesneiges.com\/"]}]},{"@type":"BreadcrumbList","@id":"https:\/\/acupuncture-cotedesneiges.com\/#breadcrumb","itemListElement":[{"@type":"ListItem","position":1,"name":"Accueil","item":"https:\/\/acupuncture-cotedesneiges.com\/"},{"@type":"ListItem","position":2,"name":"Accueil"}]},{"@type":"WebSite","@id":"https:\/\/acupuncture-cotedesneiges.com\/#website","url":"https:\/\/acupuncture-cotedesneiges.com\/","name":"","description":"","publisher":{"@id":"https:\/\/acupuncture-cotedesneiges.com\/#organization"},"potentialAction":[{"@type":"SearchAction","target":{"@type":"EntryPoint","urlTemplate":"https:\/\/acupuncture-cotedesneiges.com\/?s={search_term_string}"},"query-input":{"@type":"PropertyValueSpecification","valueRequired":true,"valueName":"search_term_string"}}],"inLanguage":"fr-CA"},{"@type":"Organization","@id":"https:\/\/acupuncture-cotedesneiges.com\/#organization","name":"Acupuncture C\u00f4te-des-Neiges","url":"https:\/\/acupuncture-cotedesneiges.com\/","logo":{"@type":"ImageObject","inLanguage":"fr-CA","@id":"https:\/\/acupuncture-cotedesneiges.com\/#\/schema\/logo\/image\/","url":"https:\/\/acupuncture-cotedesneiges.com\/wp-content\/uploads\/2023\/09\/2023.027A-ACU-CdN-SiteWeb-Logo-Asset-1logo.png","contentUrl":"https:\/\/acupuncture-cotedesneiges.com\/wp-content\/uploads\/2023\/09\/2023.027A-ACU-CdN-SiteWeb-Logo-Asset-1logo.png","width":463,"height":100,"caption":"Acupuncture C\u00f4te-des-Neiges"},"image":{"@id":"https:\/\/acupuncture-cotedesneiges.com\/#\/schema\/logo\/image\/"}}]}},"_links":{"self":[{"href":"https:\/\/acupuncture-cotedesneiges.com\/francais\/wp-json\/wp\/v2\/pages\/63","targetHints":{"allow":["GET"]}}],"collection":[{"href":"https:\/\/acupuncture-cotedesneiges.com\/francais\/wp-json\/wp\/v2\/pages"}],"about":[{"href":"https:\/\/acupuncture-cotedesneiges.com\/francais\/wp-json\/wp\/v2\/types\/page"}],"author":[{"embeddable":true,"href":"https:\/\/acupuncture-cotedesneiges.com\/francais\/wp-json\/wp\/v2\/users\/2"}],"replies":[{"embeddable":true,"href":"https:\/\/acupuncture-cotedesneiges.com\/francais\/wp-json\/wp\/v2\/comments?post=63"}],"version-history":[{"count":2,"href":"https:\/\/acupuncture-cotedesneiges.com\/francais\/wp-json\/wp\/v2\/pages\/63\/revisions"}],"predecessor-version":[{"id":69,"href":"https:\/\/acupuncture-cotedesneiges.com\/francais\/wp-json\/wp\/v2\/pages\/63\/revisions\/69"}],"wp:attachment":[{"href":"https:\/\/acupuncture-cotedesneiges.com\/francais\/wp-json\/wp\/v2\/media?parent=63"}],"curies":[{"name":"wp","href":"https:\/\/api.w.org\/{rel}","templated":true}]}}