{"id":112,"date":"2023-09-29T07:36:17","date_gmt":"2023-09-29T11:36:17","guid":{"rendered":"https:\/\/acupuncture-cotedesneiges.com\/service\/"},"modified":"2025-11-09T13:04:09","modified_gmt":"2025-11-09T18:04:09","slug":"services","status":"publish","type":"page","link":"https:\/\/acupuncture-cotedesneiges.com\/francais\/services\/","title":{"rendered":"Services"},"content":{"rendered":"","protected":false},"excerpt":{"rendered":"","protected":false},"author":1,"featured_media":151,"parent":0,"menu_order":0,"comment_status":"closed","ping_status":"closed","template":"templates\/service.php","meta":{"footnotes":""},"class_list":["post-112","page","type-page","status-publish","has-post-thumbnail","hentry","latest_post"],"yoast_head":"<!-- This site is optimized with the Yoast SEO plugin v27.4 - https:\/\/yoast.com\/product\/yoast-seo-wordpress\/ -->\n<title>Nos Services chez Acupuncture C\u00f4te-des-Neiges -<\/title>\n<meta name=\"description\" content=\"Un traitement avec re\u00e7u d&#039;assurance par ventouses, pierre de jade guasha, punaises, aimants, moxa, \u00e9lectroponcture ou lampe \u00e9lectromagn\u00e9tique\" \/>\n<meta name=\"robots\" content=\"index, follow, max-snippet:-1, max-image-preview:large, max-video-preview:-1\" \/>\n<link rel=\"canonical\" href=\"https:\/\/acupuncture-cotedesneiges.com\/francais\/services\/\" \/>\n<meta property=\"og:locale\" content=\"fr_CA\" \/>\n<meta property=\"og:type\" content=\"article\" \/>\n<meta property=\"og:title\" content=\"Nos Services chez Acupuncture C\u00f4te-des-Neiges -\" \/>\n<meta property=\"og:description\" content=\"Un traitement avec re\u00e7u d&#039;assurance par ventouses, pierre de jade guasha, punaises, aimants, moxa, \u00e9lectroponcture ou lampe \u00e9lectromagn\u00e9tique\" \/>\n<meta property=\"og:url\" content=\"https:\/\/acupuncture-cotedesneiges.com\/francais\/services\/\" \/>\n<meta property=\"article:modified_time\" content=\"2025-11-09T18:04:09+00:00\" \/>\n<meta property=\"og:image\" content=\"https:\/\/acupuncture-cotedesneiges.com\/wp-content\/uploads\/2023\/10\/Acupuncture_cotedesneiges_pratique4.jpg\" \/>\n\t<meta property=\"og:image:width\" content=\"1332\" \/>\n\t<meta property=\"og:image:height\" content=\"1014\" \/>\n\t<meta property=\"og:image:type\" content=\"image\/jpeg\" \/>\n<meta name=\"twitter:card\" content=\"summary_large_image\" \/>\n<script type=\"application\/ld+json\" class=\"yoast-schema-graph\">{\"@context\":\"https:\\\/\\\/schema.org\",\"@graph\":[{\"@type\":\"WebPage\",\"@id\":\"https:\\\/\\\/acupuncture-cotedesneiges.com\\\/services\\\/\",\"url\":\"https:\\\/\\\/acupuncture-cotedesneiges.com\\\/services\\\/\",\"name\":\"Nos Services chez Acupuncture C\u00f4te-des-Neiges -\",\"isPartOf\":{\"@id\":\"https:\\\/\\\/acupuncture-cotedesneiges.com\\\/#website\"},\"primaryImageOfPage\":{\"@id\":\"https:\\\/\\\/acupuncture-cotedesneiges.com\\\/services\\\/#primaryimage\"},\"image\":{\"@id\":\"https:\\\/\\\/acupuncture-cotedesneiges.com\\\/services\\\/#primaryimage\"},\"thumbnailUrl\":\"https:\\\/\\\/acupuncture-cotedesneiges.com\\\/wp-content\\\/uploads\\\/2023\\\/10\\\/Acupuncture_cotedesneiges_pratique4.jpg\",\"datePublished\":\"2023-09-29T11:36:17+00:00\",\"dateModified\":\"2025-11-09T18:04:09+00:00\",\"description\":\"Un traitement avec re\u00e7u d'assurance par ventouses, pierre de jade guasha, punaises, aimants, moxa, \u00e9lectroponcture ou lampe \u00e9lectromagn\u00e9tique\",\"breadcrumb\":{\"@id\":\"https:\\\/\\\/acupuncture-cotedesneiges.com\\\/services\\\/#breadcrumb\"},\"inLanguage\":\"fr-CA\",\"potentialAction\":[{\"@type\":\"ReadAction\",\"target\":[\"https:\\\/\\\/acupuncture-cotedesneiges.com\\\/services\\\/\"]}]},{\"@type\":\"ImageObject\",\"inLanguage\":\"fr-CA\",\"@id\":\"https:\\\/\\\/acupuncture-cotedesneiges.com\\\/services\\\/#primaryimage\",\"url\":\"https:\\\/\\\/acupuncture-cotedesneiges.com\\\/wp-content\\\/uploads\\\/2023\\\/10\\\/Acupuncture_cotedesneiges_pratique4.jpg\",\"contentUrl\":\"https:\\\/\\\/acupuncture-cotedesneiges.com\\\/wp-content\\\/uploads\\\/2023\\\/10\\\/Acupuncture_cotedesneiges_pratique4.jpg\",\"width\":1332,\"height\":1014},{\"@type\":\"BreadcrumbList\",\"@id\":\"https:\\\/\\\/acupuncture-cotedesneiges.com\\\/services\\\/#breadcrumb\",\"itemListElement\":[{\"@type\":\"ListItem\",\"position\":1,\"name\":\"Accueil\",\"item\":\"https:\\\/\\\/acupuncture-cotedesneiges.com\\\/\"},{\"@type\":\"ListItem\",\"position\":2,\"name\":\"Services\"}]},{\"@type\":\"WebSite\",\"@id\":\"https:\\\/\\\/acupuncture-cotedesneiges.com\\\/#website\",\"url\":\"https:\\\/\\\/acupuncture-cotedesneiges.com\\\/\",\"name\":\"\",\"description\":\"\",\"publisher\":{\"@id\":\"https:\\\/\\\/acupuncture-cotedesneiges.com\\\/#organization\"},\"potentialAction\":[{\"@type\":\"SearchAction\",\"target\":{\"@type\":\"EntryPoint\",\"urlTemplate\":\"https:\\\/\\\/acupuncture-cotedesneiges.com\\\/?s={search_term_string}\"},\"query-input\":{\"@type\":\"PropertyValueSpecification\",\"valueRequired\":true,\"valueName\":\"search_term_string\"}}],\"inLanguage\":\"fr-CA\"},{\"@type\":\"Organization\",\"@id\":\"https:\\\/\\\/acupuncture-cotedesneiges.com\\\/#organization\",\"name\":\"Acupuncture C\u00f4te-des-Neiges\",\"url\":\"https:\\\/\\\/acupuncture-cotedesneiges.com\\\/\",\"logo\":{\"@type\":\"ImageObject\",\"inLanguage\":\"fr-CA\",\"@id\":\"https:\\\/\\\/acupuncture-cotedesneiges.com\\\/#\\\/schema\\\/logo\\\/image\\\/\",\"url\":\"https:\\\/\\\/acupuncture-cotedesneiges.com\\\/wp-content\\\/uploads\\\/2023\\\/09\\\/2023.027A-ACU-CdN-SiteWeb-Logo-Asset-1logo.png\",\"contentUrl\":\"https:\\\/\\\/acupuncture-cotedesneiges.com\\\/wp-content\\\/uploads\\\/2023\\\/09\\\/2023.027A-ACU-CdN-SiteWeb-Logo-Asset-1logo.png\",\"width\":463,\"height\":100,\"caption\":\"Acupuncture C\u00f4te-des-Neiges\"},\"image\":{\"@id\":\"https:\\\/\\\/acupuncture-cotedesneiges.com\\\/#\\\/schema\\\/logo\\\/image\\\/\"}}]}<\/script>\n<!-- \/ Yoast SEO plugin. -->","yoast_head_json":{"title":"Nos Services chez Acupuncture C\u00f4te-des-Neiges -","description":"Un traitement avec re\u00e7u d'assurance par ventouses, pierre de jade guasha, punaises, aimants, moxa, \u00e9lectroponcture ou lampe \u00e9lectromagn\u00e9tique","robots":{"index":"index","follow":"follow","max-snippet":"max-snippet:-1","max-image-preview":"max-image-preview:large","max-video-preview":"max-video-preview:-1"},"canonical":"https:\/\/acupuncture-cotedesneiges.com\/francais\/services\/","og_locale":"fr_CA","og_type":"article","og_title":"Nos Services chez Acupuncture C\u00f4te-des-Neiges -","og_description":"Un traitement avec re\u00e7u d'assurance par ventouses, pierre de jade guasha, punaises, aimants, moxa, \u00e9lectroponcture ou lampe \u00e9lectromagn\u00e9tique","og_url":"https:\/\/acupuncture-cotedesneiges.com\/francais\/services\/","article_modified_time":"2025-11-09T18:04:09+00:00","og_image":[{"width":1332,"height":1014,"url":"https:\/\/acupuncture-cotedesneiges.com\/wp-content\/uploads\/2023\/10\/Acupuncture_cotedesneiges_pratique4.jpg","type":"image\/jpeg"}],"twitter_card":"summary_large_image","schema":{"@context":"https:\/\/schema.org","@graph":[{"@type":"WebPage","@id":"https:\/\/acupuncture-cotedesneiges.com\/services\/","url":"https:\/\/acupuncture-cotedesneiges.com\/services\/","name":"Nos Services chez Acupuncture C\u00f4te-des-Neiges -","isPartOf":{"@id":"https:\/\/acupuncture-cotedesneiges.com\/#website"},"primaryImageOfPage":{"@id":"https:\/\/acupuncture-cotedesneiges.com\/services\/#primaryimage"},"image":{"@id":"https:\/\/acupuncture-cotedesneiges.com\/services\/#primaryimage"},"thumbnailUrl":"https:\/\/acupuncture-cotedesneiges.com\/wp-content\/uploads\/2023\/10\/Acupuncture_cotedesneiges_pratique4.jpg","datePublished":"2023-09-29T11:36:17+00:00","dateModified":"2025-11-09T18:04:09+00:00","description":"Un traitement avec re\u00e7u d'assurance par ventouses, pierre de jade guasha, punaises, aimants, moxa, \u00e9lectroponcture ou lampe \u00e9lectromagn\u00e9tique","breadcrumb":{"@id":"https:\/\/acupuncture-cotedesneiges.com\/services\/#breadcrumb"},"inLanguage":"fr-CA","potentialAction":[{"@type":"ReadAction","target":["https:\/\/acupuncture-cotedesneiges.com\/services\/"]}]},{"@type":"ImageObject","inLanguage":"fr-CA","@id":"https:\/\/acupuncture-cotedesneiges.com\/services\/#primaryimage","url":"https:\/\/acupuncture-cotedesneiges.com\/wp-content\/uploads\/2023\/10\/Acupuncture_cotedesneiges_pratique4.jpg","contentUrl":"https:\/\/acupuncture-cotedesneiges.com\/wp-content\/uploads\/2023\/10\/Acupuncture_cotedesneiges_pratique4.jpg","width":1332,"height":1014},{"@type":"BreadcrumbList","@id":"https:\/\/acupuncture-cotedesneiges.com\/services\/#breadcrumb","itemListElement":[{"@type":"ListItem","position":1,"name":"Accueil","item":"https:\/\/acupuncture-cotedesneiges.com\/"},{"@type":"ListItem","position":2,"name":"Services"}]},{"@type":"WebSite","@id":"https:\/\/acupuncture-cotedesneiges.com\/#website","url":"https:\/\/acupuncture-cotedesneiges.com\/","name":"","description":"","publisher":{"@id":"https:\/\/acupuncture-cotedesneiges.com\/#organization"},"potentialAction":[{"@type":"SearchAction","target":{"@type":"EntryPoint","urlTemplate":"https:\/\/acupuncture-cotedesneiges.com\/?s={search_term_string}"},"query-input":{"@type":"PropertyValueSpecification","valueRequired":true,"valueName":"search_term_string"}}],"inLanguage":"fr-CA"},{"@type":"Organization","@id":"https:\/\/acupuncture-cotedesneiges.com\/#organization","name":"Acupuncture C\u00f4te-des-Neiges","url":"https:\/\/acupuncture-cotedesneiges.com\/","logo":{"@type":"ImageObject","inLanguage":"fr-CA","@id":"https:\/\/acupuncture-cotedesneiges.com\/#\/schema\/logo\/image\/","url":"https:\/\/acupuncture-cotedesneiges.com\/wp-content\/uploads\/2023\/09\/2023.027A-ACU-CdN-SiteWeb-Logo-Asset-1logo.png","contentUrl":"https:\/\/acupuncture-cotedesneiges.com\/wp-content\/uploads\/2023\/09\/2023.027A-ACU-CdN-SiteWeb-Logo-Asset-1logo.png","width":463,"height":100,"caption":"Acupuncture C\u00f4te-des-Neiges"},"image":{"@id":"https:\/\/acupuncture-cotedesneiges.com\/#\/schema\/logo\/image\/"}}]}},"_links":{"self":[{"href":"https:\/\/acupuncture-cotedesneiges.com\/francais\/wp-json\/wp\/v2\/pages\/112","targetHints":{"allow":["GET"]}}],"collection":[{"href":"https:\/\/acupuncture-cotedesneiges.com\/francais\/wp-json\/wp\/v2\/pages"}],"about":[{"href":"https:\/\/acupuncture-cotedesneiges.com\/francais\/wp-json\/wp\/v2\/types\/page"}],"author":[{"embeddable":true,"href":"https:\/\/acupuncture-cotedesneiges.com\/francais\/wp-json\/wp\/v2\/users\/1"}],"replies":[{"embeddable":true,"href":"https:\/\/acupuncture-cotedesneiges.com\/francais\/wp-json\/wp\/v2\/comments?post=112"}],"version-history":[{"count":4,"href":"https:\/\/acupuncture-cotedesneiges.com\/francais\/wp-json\/wp\/v2\/pages\/112\/revisions"}],"predecessor-version":[{"id":226,"href":"https:\/\/acupuncture-cotedesneiges.com\/francais\/wp-json\/wp\/v2\/pages\/112\/revisions\/226"}],"wp:featuredmedia":[{"embeddable":true,"href":"https:\/\/acupuncture-cotedesneiges.com\/francais\/wp-json\/wp\/v2\/media\/151"}],"wp:attachment":[{"href":"https:\/\/acupuncture-cotedesneiges.com\/francais\/wp-json\/wp\/v2\/media?parent=112"}],"curies":[{"name":"wp","href":"https:\/\/api.w.org\/{rel}","templated":true}]}}